{"id":15,"date":"2023-08-16T09:49:01","date_gmt":"2023-08-16T09:49:01","guid":{"rendered":"https:\/\/abpic.fr\/?page_id=15"},"modified":"2024-08-11T14:51:21","modified_gmt":"2024-08-11T12:51:21","slug":"contact","status":"publish","type":"page","link":"https:\/\/abpic.fr\/index.php\/contact\/","title":{"rendered":"Contact"},"content":{"rendered":"\n<p>Ma vision, mes r\u00e9alisations r\u00e9sonnent ! Vous avez une id\u00e9e mais ne savez pas comment d\u00e9buter. <strong>On en parle ?<\/strong><\/p>\n\n\n","protected":false},"excerpt":{"rendered":"<p>Ma vision, mes r\u00e9alisations r\u00e9sonnent ! Vous avez une id\u00e9e mais ne savez pas comment d\u00e9buter. On en parle ?<\/p>\n","protected":false},"author":1,"featured_media":132,"parent":0,"menu_order":0,"comment_status":"closed","ping_status":"closed","template":"","meta":{"saved_in_kubio":true,"footnotes":""},"class_list":["post-15","page","type-page","status-publish","has-post-thumbnail","hentry"],"kubio_ai_page_context":{"short_desc":"","purpose":"general"},"_links":{"self":[{"href":"https:\/\/abpic.fr\/index.php\/wp-json\/wp\/v2\/pages\/15","targetHints":{"allow":["GET"]}}],"collection":[{"href":"https:\/\/abpic.fr\/index.php\/wp-json\/wp\/v2\/pages"}],"about":[{"href":"https:\/\/abpic.fr\/index.php\/wp-json\/wp\/v2\/types\/page"}],"author":[{"embeddable":true,"href":"https:\/\/abpic.fr\/index.php\/wp-json\/wp\/v2\/users\/1"}],"replies":[{"embeddable":true,"href":"https:\/\/abpic.fr\/index.php\/wp-json\/wp\/v2\/comments?post=15"}],"version-history":[{"count":13,"href":"https:\/\/abpic.fr\/index.php\/wp-json\/wp\/v2\/pages\/15\/revisions"}],"predecessor-version":[{"id":689,"href":"https:\/\/abpic.fr\/index.php\/wp-json\/wp\/v2\/pages\/15\/revisions\/689"}],"wp:featuredmedia":[{"embeddable":true,"href":"https:\/\/abpic.fr\/index.php\/wp-json\/wp\/v2\/media\/132"}],"wp:attachment":[{"href":"https:\/\/abpic.fr\/index.php\/wp-json\/wp\/v2\/media?parent=15"}],"curies":[{"name":"wp","href":"https:\/\/api.w.org\/{rel}","templated":true}]}}