{"id":60,"date":"2023-08-17T12:22:56","date_gmt":"2023-08-17T10:22:56","guid":{"rendered":"https:\/\/abpic.fr\/?page_id=60"},"modified":"2025-11-12T08:45:45","modified_gmt":"2025-11-12T06:45:45","slug":"le-coin-des-creations","status":"publish","type":"page","link":"https:\/\/abpic.fr\/index.php\/le-coin-des-creations\/","title":{"rendered":"Le coin des cr\u00e9ations"},"content":{"rendered":"\n<p>Au del\u00e0 de la fantaisie, certains dessins se veulent plus engag\u00e9s. La complexit\u00e9 de notre monde interroge nos modes de vie, notre relation \u00e0 la terre&#8230; L&rsquo;id\u00e9e est venue d&rsquo;associer certaines productions \u00e0 un label, AYURVEDA, d\u00e9clin\u00e9 en logo :<\/p>\n\n\n<div class=\"wp-block-image\">\n<figure class=\"aligncenter size-large is-resized\"><img loading=\"lazy\" decoding=\"async\" width=\"1024\" height=\"115\" src=\"https:\/\/abpic.fr\/wp-content\/uploads\/2023\/08\/LOGOAyurveda-1024x115.png\" alt=\"\" class=\"wp-image-103\" style=\"width:387px;height:43px\" srcset=\"https:\/\/abpic.fr\/wp-content\/uploads\/2023\/08\/LOGOAyurveda-1024x115.png 1024w, https:\/\/abpic.fr\/wp-content\/uploads\/2023\/08\/LOGOAyurveda-300x34.png 300w, https:\/\/abpic.fr\/wp-content\/uploads\/2023\/08\/LOGOAyurveda-768x87.png 768w, https:\/\/abpic.fr\/wp-content\/uploads\/2023\/08\/LOGOAyurveda-1536x173.png 1536w, https:\/\/abpic.fr\/wp-content\/uploads\/2023\/08\/LOGOAyurveda-2048x231.png 2048w\" sizes=\"(max-width: 1024px) 100vw, 1024px\" \/><\/figure>\n<\/div>\n\n\n<p>&nbsp;\u00ab&nbsp;Ayur&nbsp;\u00bb signifie  la Vie et \u00ab Veda \u00bb la Connaissance. L\u2019Ayurveda&nbsp;est un syst\u00e8me holistique de&nbsp;sant\u00e9 mettant en \u00e9vidence la symbiose de notre \u00e9quilibre de sant\u00e9 avec&nbsp;l\u2019univers dans lequel nous vivons.&nbsp;L\u2019accomplissement de l\u2019\u00eatre est au c\u0153ur de sa d\u00e9finition.<\/p>\n\n\n\n<hr class=\"wp-block-separator has-alpha-channel-opacity\"\/>\n\n\n\n<p>Au final, de nombreux dessins sont disponibles pour \u00eatre imprim\u00e9s sur affiche, t-shirt ou sweat. Le travail d&rsquo;impression sur textile est r\u00e9alis\u00e9 par une entreprise de Cherbourg-en-Cotentin. Les textiles proviennent de la soci\u00e9t\u00e9 SOL&rsquo;S.<\/p>\n\n\n\n<pre class=\"wp-block-verse has-text-align-center\"><em>Pour toute information ou commande d'une de ces r\u00e9alisations, utilisez le formulaire de contact. <\/em><\/pre>\n\n\n\n<hr class=\"wp-block-separator has-alpha-channel-opacity\"\/>\n\n\n\n<figure class=\"wp-block-gallery has-nested-images columns-4 wp-block-gallery-1 is-layout-flex wp-block-gallery-is-layout-flex\">\n<figure class=\"wp-block-image size-medium\"><img loading=\"lazy\" decoding=\"async\" width=\"212\" height=\"300\" data-id=\"227\" src=\"https:\/\/abpic.fr\/wp-content\/uploads\/2023\/08\/GolfVibe-212x300.jpg\" alt=\"\" class=\"wp-image-227\" srcset=\"https:\/\/abpic.fr\/wp-content\/uploads\/2023\/08\/GolfVibe-212x300.jpg 212w, https:\/\/abpic.fr\/wp-content\/uploads\/2023\/08\/GolfVibe.jpg 339w\" sizes=\"(max-width: 212px) 100vw, 212px\" \/><\/figure>\n\n\n\n<figure class=\"wp-block-image size-medium\"><img loading=\"lazy\" decoding=\"async\" width=\"212\" height=\"300\" data-id=\"226\" src=\"https:\/\/abpic.fr\/wp-content\/uploads\/2023\/08\/GirlPower-212x300.jpg\" alt=\"\" class=\"wp-image-226\" srcset=\"https:\/\/abpic.fr\/wp-content\/uploads\/2023\/08\/GirlPower-212x300.jpg 212w, https:\/\/abpic.fr\/wp-content\/uploads\/2023\/08\/GirlPower.jpg 339w\" sizes=\"(max-width: 212px) 100vw, 212px\" \/><\/figure>\n\n\n\n<figure class=\"wp-block-image size-medium\"><img loading=\"lazy\" decoding=\"async\" width=\"212\" height=\"300\" data-id=\"232\" src=\"https:\/\/abpic.fr\/wp-content\/uploads\/2023\/08\/Parfoite-212x300.jpg\" alt=\"\" class=\"wp-image-232\" srcset=\"https:\/\/abpic.fr\/wp-content\/uploads\/2023\/08\/Parfoite-212x300.jpg 212w, https:\/\/abpic.fr\/wp-content\/uploads\/2023\/08\/Parfoite.jpg 339w\" sizes=\"(max-width: 212px) 100vw, 212px\" \/><\/figure>\n\n\n\n<figure class=\"wp-block-image size-medium\"><img loading=\"lazy\" decoding=\"async\" width=\"212\" height=\"300\" data-id=\"231\" src=\"https:\/\/abpic.fr\/wp-content\/uploads\/2023\/08\/KintsugiCB-212x300.jpg\" alt=\"\" class=\"wp-image-231\" srcset=\"https:\/\/abpic.fr\/wp-content\/uploads\/2023\/08\/KintsugiCB-212x300.jpg 212w, https:\/\/abpic.fr\/wp-content\/uploads\/2023\/08\/KintsugiCB.jpg 339w\" sizes=\"(max-width: 212px) 100vw, 212px\" \/><\/figure>\n\n\n\n<figure class=\"wp-block-image size-medium\"><img loading=\"lazy\" decoding=\"async\" width=\"212\" height=\"300\" data-id=\"225\" src=\"https:\/\/abpic.fr\/wp-content\/uploads\/2023\/08\/ConsoConsu-212x300.jpg\" alt=\"\" class=\"wp-image-225\" srcset=\"https:\/\/abpic.fr\/wp-content\/uploads\/2023\/08\/ConsoConsu-212x300.jpg 212w, https:\/\/abpic.fr\/wp-content\/uploads\/2023\/08\/ConsoConsu.jpg 339w\" sizes=\"(max-width: 212px) 100vw, 212px\" \/><\/figure>\n\n\n\n<figure class=\"wp-block-image size-medium\"><img loading=\"lazy\" decoding=\"async\" width=\"212\" height=\"300\" data-id=\"224\" src=\"https:\/\/abpic.fr\/wp-content\/uploads\/2023\/08\/Classe-HDP-212x300.jpg\" alt=\"\" class=\"wp-image-224\" srcset=\"https:\/\/abpic.fr\/wp-content\/uploads\/2023\/08\/Classe-HDP-212x300.jpg 212w, https:\/\/abpic.fr\/wp-content\/uploads\/2023\/08\/Classe-HDP.jpg 339w\" sizes=\"(max-width: 212px) 100vw, 212px\" \/><figcaption class=\"wp-element-caption\">* Nom de ville personnalisable<\/figcaption><\/figure>\n\n\n\n<figure class=\"wp-block-image size-medium\"><img loading=\"lazy\" decoding=\"async\" width=\"212\" height=\"300\" data-id=\"223\" src=\"https:\/\/abpic.fr\/wp-content\/uploads\/2023\/08\/ChianteBIS-212x300.jpg\" alt=\"\" class=\"wp-image-223\" srcset=\"https:\/\/abpic.fr\/wp-content\/uploads\/2023\/08\/ChianteBIS-212x300.jpg 212w, https:\/\/abpic.fr\/wp-content\/uploads\/2023\/08\/ChianteBIS.jpg 339w\" sizes=\"(max-width: 212px) 100vw, 212px\" \/><\/figure>\n\n\n\n<figure class=\"wp-block-image size-medium\"><img loading=\"lazy\" decoding=\"async\" width=\"212\" height=\"300\" data-id=\"233\" src=\"https:\/\/abpic.fr\/wp-content\/uploads\/2023\/08\/Shopping-212x300.jpg\" alt=\"\" class=\"wp-image-233\" srcset=\"https:\/\/abpic.fr\/wp-content\/uploads\/2023\/08\/Shopping-212x300.jpg 212w, https:\/\/abpic.fr\/wp-content\/uploads\/2023\/08\/Shopping.jpg 339w\" sizes=\"(max-width: 212px) 100vw, 212px\" \/><\/figure>\n\n\n\n<figure class=\"wp-block-image size-medium\"><img loading=\"lazy\" decoding=\"async\" width=\"212\" height=\"300\" data-id=\"230\" src=\"https:\/\/abpic.fr\/wp-content\/uploads\/2023\/08\/KarmaGirl3-212x300.jpg\" alt=\"\" class=\"wp-image-230\" srcset=\"https:\/\/abpic.fr\/wp-content\/uploads\/2023\/08\/KarmaGirl3-212x300.jpg 212w, https:\/\/abpic.fr\/wp-content\/uploads\/2023\/08\/KarmaGirl3.jpg 339w\" sizes=\"(max-width: 212px) 100vw, 212px\" \/><\/figure>\n\n\n\n<figure class=\"wp-block-image size-medium\"><img loading=\"lazy\" decoding=\"async\" width=\"212\" height=\"300\" data-id=\"229\" src=\"https:\/\/abpic.fr\/wp-content\/uploads\/2023\/08\/KarmaGirl2-212x300.jpg\" alt=\"\" class=\"wp-image-229\" srcset=\"https:\/\/abpic.fr\/wp-content\/uploads\/2023\/08\/KarmaGirl2-212x300.jpg 212w, https:\/\/abpic.fr\/wp-content\/uploads\/2023\/08\/KarmaGirl2.jpg 339w\" sizes=\"(max-width: 212px) 100vw, 212px\" \/><\/figure>\n\n\n\n<figure class=\"wp-block-image size-medium\"><img loading=\"lazy\" decoding=\"async\" width=\"212\" height=\"300\" data-id=\"228\" src=\"https:\/\/abpic.fr\/wp-content\/uploads\/2023\/08\/KarmaGirl-212x300.jpg\" alt=\"\" class=\"wp-image-228\" srcset=\"https:\/\/abpic.fr\/wp-content\/uploads\/2023\/08\/KarmaGirl-212x300.jpg 212w, https:\/\/abpic.fr\/wp-content\/uploads\/2023\/08\/KarmaGirl.jpg 339w\" sizes=\"(max-width: 212px) 100vw, 212px\" \/><\/figure>\n\n\n\n<figure class=\"wp-block-image size-medium\"><img loading=\"lazy\" decoding=\"async\" width=\"211\" height=\"300\" data-id=\"522\" src=\"https:\/\/abpic.fr\/wp-content\/uploads\/2024\/07\/DessinVoeux21-211x300.png\" alt=\"\" class=\"wp-image-522\" srcset=\"https:\/\/abpic.fr\/wp-content\/uploads\/2024\/07\/DessinVoeux21-211x300.png 211w, https:\/\/abpic.fr\/wp-content\/uploads\/2024\/07\/DessinVoeux21.png 338w\" sizes=\"(max-width: 211px) 100vw, 211px\" \/><\/figure>\n\n\n\n<figure class=\"wp-block-image size-medium\"><img loading=\"lazy\" decoding=\"async\" width=\"211\" height=\"300\" data-id=\"523\" src=\"https:\/\/abpic.fr\/wp-content\/uploads\/2024\/07\/DessinVoeux22-211x300.png\" alt=\"\" class=\"wp-image-523\" srcset=\"https:\/\/abpic.fr\/wp-content\/uploads\/2024\/07\/DessinVoeux22-211x300.png 211w, https:\/\/abpic.fr\/wp-content\/uploads\/2024\/07\/DessinVoeux22.png 338w\" sizes=\"(max-width: 211px) 100vw, 211px\" \/><\/figure>\n\n\n\n<figure class=\"wp-block-image size-medium\"><img loading=\"lazy\" decoding=\"async\" width=\"212\" height=\"300\" data-id=\"511\" src=\"https:\/\/abpic.fr\/wp-content\/uploads\/2024\/07\/Way-212x300.png\" alt=\"\" class=\"wp-image-511\" srcset=\"https:\/\/abpic.fr\/wp-content\/uploads\/2024\/07\/Way-212x300.png 212w, https:\/\/abpic.fr\/wp-content\/uploads\/2024\/07\/Way.png 339w\" sizes=\"(max-width: 212px) 100vw, 212px\" \/><\/figure>\n\n\n\n<figure class=\"wp-block-image size-medium\"><img loading=\"lazy\" decoding=\"async\" width=\"211\" height=\"300\" data-id=\"524\" src=\"https:\/\/abpic.fr\/wp-content\/uploads\/2024\/07\/DessinVoeux23-211x300.png\" alt=\"\" class=\"wp-image-524\" srcset=\"https:\/\/abpic.fr\/wp-content\/uploads\/2024\/07\/DessinVoeux23-211x300.png 211w, https:\/\/abpic.fr\/wp-content\/uploads\/2024\/07\/DessinVoeux23.png 338w\" sizes=\"(max-width: 211px) 100vw, 211px\" \/><\/figure>\n\n\n\n<figure class=\"wp-block-image size-medium\"><img loading=\"lazy\" decoding=\"async\" width=\"211\" height=\"300\" data-id=\"512\" src=\"https:\/\/abpic.fr\/wp-content\/uploads\/2024\/07\/BonneMarine2-211x300.png\" alt=\"\" class=\"wp-image-512\" srcset=\"https:\/\/abpic.fr\/wp-content\/uploads\/2024\/07\/BonneMarine2-211x300.png 211w, https:\/\/abpic.fr\/wp-content\/uploads\/2024\/07\/BonneMarine2.png 338w\" sizes=\"(max-width: 211px) 100vw, 211px\" \/><\/figure>\n\n\n\n<figure class=\"wp-block-image size-medium\"><img loading=\"lazy\" decoding=\"async\" width=\"211\" height=\"300\" data-id=\"513\" src=\"https:\/\/abpic.fr\/wp-content\/uploads\/2024\/07\/BonnetMarin-211x300.png\" alt=\"\" class=\"wp-image-513\" srcset=\"https:\/\/abpic.fr\/wp-content\/uploads\/2024\/07\/BonnetMarin-211x300.png 211w, https:\/\/abpic.fr\/wp-content\/uploads\/2024\/07\/BonnetMarin.png 338w\" sizes=\"(max-width: 211px) 100vw, 211px\" \/><\/figure>\n\n\n\n<figure class=\"wp-block-image size-medium\"><img loading=\"lazy\" decoding=\"async\" width=\"212\" height=\"300\" data-id=\"506\" src=\"https:\/\/abpic.fr\/wp-content\/uploads\/2024\/07\/resurgence-212x300.png\" alt=\"\" class=\"wp-image-506\" srcset=\"https:\/\/abpic.fr\/wp-content\/uploads\/2024\/07\/resurgence-212x300.png 212w, https:\/\/abpic.fr\/wp-content\/uploads\/2024\/07\/resurgence.png 339w\" sizes=\"(max-width: 212px) 100vw, 212px\" \/><\/figure>\n\n\n\n<figure class=\"wp-block-image size-medium\"><img loading=\"lazy\" decoding=\"async\" width=\"212\" height=\"300\" data-id=\"507\" src=\"https:\/\/abpic.fr\/wp-content\/uploads\/2024\/07\/BookThink-212x300.png\" alt=\"\" class=\"wp-image-507\" srcset=\"https:\/\/abpic.fr\/wp-content\/uploads\/2024\/07\/BookThink-212x300.png 212w, https:\/\/abpic.fr\/wp-content\/uploads\/2024\/07\/BookThink.png 339w\" sizes=\"(max-width: 212px) 100vw, 212px\" \/><\/figure>\n\n\n\n<figure class=\"wp-block-image size-medium\"><img loading=\"lazy\" decoding=\"async\" width=\"240\" height=\"300\" data-id=\"560\" src=\"https:\/\/abpic.fr\/wp-content\/uploads\/2024\/07\/Inuition2024b-240x300.png\" alt=\"\" class=\"wp-image-560\" srcset=\"https:\/\/abpic.fr\/wp-content\/uploads\/2024\/07\/Inuition2024b-240x300.png 240w, https:\/\/abpic.fr\/wp-content\/uploads\/2024\/07\/Inuition2024b.png 384w\" sizes=\"(max-width: 240px) 100vw, 240px\" \/><\/figure>\n\n\n\n<figure class=\"wp-block-image size-medium\"><img loading=\"lazy\" decoding=\"async\" width=\"300\" height=\"225\" data-id=\"737\" src=\"https:\/\/abpic.fr\/wp-content\/uploads\/2025\/11\/WaveBirth-300x225.jpg\" alt=\"\" class=\"wp-image-737\" srcset=\"https:\/\/abpic.fr\/wp-content\/uploads\/2025\/11\/WaveBirth-300x225.jpg 300w, https:\/\/abpic.fr\/wp-content\/uploads\/2025\/11\/WaveBirth-1024x768.jpg 1024w, https:\/\/abpic.fr\/wp-content\/uploads\/2025\/11\/WaveBirth-768x576.jpg 768w, https:\/\/abpic.fr\/wp-content\/uploads\/2025\/11\/WaveBirth-1536x1151.jpg 1536w, https:\/\/abpic.fr\/wp-content\/uploads\/2025\/11\/WaveBirth-1441x1080.jpg 1441w\" sizes=\"(max-width: 300px) 100vw, 300px\" \/><\/figure>\n\n\n\n<figure class=\"wp-block-image size-medium\"><img loading=\"lazy\" decoding=\"async\" width=\"300\" height=\"225\" data-id=\"744\" src=\"https:\/\/abpic.fr\/wp-content\/uploads\/2025\/11\/CityDream40x30-300x225.jpg\" alt=\"\" class=\"wp-image-744\" srcset=\"https:\/\/abpic.fr\/wp-content\/uploads\/2025\/11\/CityDream40x30-300x225.jpg 300w, https:\/\/abpic.fr\/wp-content\/uploads\/2025\/11\/CityDream40x30-1024x768.jpg 1024w, https:\/\/abpic.fr\/wp-content\/uploads\/2025\/11\/CityDream40x30-768x576.jpg 768w, https:\/\/abpic.fr\/wp-content\/uploads\/2025\/11\/CityDream40x30-1536x1151.jpg 1536w, https:\/\/abpic.fr\/wp-content\/uploads\/2025\/11\/CityDream40x30-1441x1080.jpg 1441w\" sizes=\"(max-width: 300px) 100vw, 300px\" \/><\/figure>\n<\/figure>\n\n\n\n<hr class=\"wp-block-separator has-alpha-channel-opacity\"\/>\n\n\n\n<p><\/p>\n","protected":false},"excerpt":{"rendered":"<p>Au del\u00e0 de la fantaisie, certains dessins se veulent plus engag\u00e9s. La complexit\u00e9 de notre monde interroge nos modes de vie, notre relation \u00e0 la terre&#8230; L&rsquo;id\u00e9e est venue d&rsquo;associer certaines productions \u00e0 un label, AYURVEDA, d\u00e9clin\u00e9 en logo : &nbsp;\u00ab&nbsp;Ayur&nbsp;\u00bb signifie la Vie et \u00ab Veda \u00bb la Connaissance. L\u2019Ayurveda&nbsp;est un syst\u00e8me holistique de&nbsp;sant\u00e9 [&hellip;]<\/p>\n","protected":false},"author":1,"featured_media":0,"parent":0,"menu_order":0,"comment_status":"closed","ping_status":"closed","template":"","meta":{"saved_in_kubio":true,"footnotes":""},"class_list":["post-60","page","type-page","status-publish","hentry"],"kubio_ai_page_context":{"short_desc":"","purpose":"general"},"_links":{"self":[{"href":"https:\/\/abpic.fr\/index.php\/wp-json\/wp\/v2\/pages\/60","targetHints":{"allow":["GET"]}}],"collection":[{"href":"https:\/\/abpic.fr\/index.php\/wp-json\/wp\/v2\/pages"}],"about":[{"href":"https:\/\/abpic.fr\/index.php\/wp-json\/wp\/v2\/types\/page"}],"author":[{"embeddable":true,"href":"https:\/\/abpic.fr\/index.php\/wp-json\/wp\/v2\/users\/1"}],"replies":[{"embeddable":true,"href":"https:\/\/abpic.fr\/index.php\/wp-json\/wp\/v2\/comments?post=60"}],"version-history":[{"count":32,"href":"https:\/\/abpic.fr\/index.php\/wp-json\/wp\/v2\/pages\/60\/revisions"}],"predecessor-version":[{"id":750,"href":"https:\/\/abpic.fr\/index.php\/wp-json\/wp\/v2\/pages\/60\/revisions\/750"}],"wp:attachment":[{"href":"https:\/\/abpic.fr\/index.php\/wp-json\/wp\/v2\/media?parent=60"}],"curies":[{"name":"wp","href":"https:\/\/api.w.org\/{rel}","templated":true}]}}